{"id":44,"date":"2025-02-21T19:36:57","date_gmt":"2025-02-21T18:36:57","guid":{"rendered":"https:\/\/www.varmlandschips.se\/?page_id=44"},"modified":"2025-02-21T19:53:00","modified_gmt":"2025-02-21T18:53:00","slug":"aterforsaljare","status":"publish","type":"page","link":"https:\/\/www.varmlandschips.se\/index.php\/aterforsaljare\/","title":{"rendered":"\u00c5terf\u00f6rs\u00e4ljare"},"content":{"rendered":"\n<p>Vill ni bli \u00e5terf\u00f6rs\u00e4ljare mail bruno@wepopop.com<\/p>\n\n\n\n<p>N\u00e4r ni v\u00e4ljer att samarbeta med V\u00e4rmlandschips f\u00e5r ni:<\/p>\n\n\n\n<p>\u2705 <strong>Snabba och p\u00e5litliga leveranser<\/strong> \u2013 Vi skickar era best\u00e4llningar inom 1\u20134 arbetsdagar, s\u00e5 att ni alltid har v\u00e5ra chips p\u00e5 hyllan och redo f\u00f6r era kunder.<\/p>\n\n\n\n<p>\u2705 <strong>En premiumprodukt som sticker ut<\/strong> \u2013 V\u00e5ra chips \u00e4r hantverksm\u00e4ssigt tillverkade med noggrant utvalda r\u00e5varor f\u00f6r en smakupplevelse ut\u00f6ver det vanliga. En lyxig produkt som lockar b\u00e5de nya och \u00e5terkommande kunder.<\/p>\n\n\n\n<p>\u2705 <strong>Ett l\u00e5ngsiktigt partnerskap<\/strong> \u2013 Vi v\u00e4rdes\u00e4tter v\u00e5ra \u00e5terf\u00f6rs\u00e4ljare och str\u00e4var efter att bygga starka och h\u00e5llbara samarbeten. Vi finns h\u00e4r f\u00f6r att st\u00f6tta er i att \u00f6ka f\u00f6rs\u00e4ljningen och st\u00e4rka ert sortiment.<\/p>\n\n\n\n<p>L\u00e5t oss tillsammans lyfta ert chipsutbud och erbjuda era kunder n\u00e5got de kommer att \u00e4lska!<\/p>\n\n\n\n<p><\/p>\n\n\n\n<p>Vill ni k\u00f6pa v\u00e5ra chips p\u00e5 n\u00e4tet g\u00e5 in p\u00e5 <a href=\"https:\/\/www.wepopop.com\/produkt-kategori\/gourmetprojekt\/\" target=\"_blank\" rel=\"noreferrer noopener\">WePoPoP:s shop<\/a><\/p>\n","protected":false},"excerpt":{"rendered":"<p>Vill ni bli \u00e5terf\u00f6rs\u00e4ljare mail bruno@wepopop.com N\u00e4r ni v\u00e4ljer att samarbeta med V\u00e4rmlandschips f\u00e5r ni: \u2705 Snabba och p\u00e5litliga leveranser \u2013 Vi skickar era best\u00e4llningar inom 1\u20134 arbetsdagar, s\u00e5 att ni alltid har v\u00e5ra chips p\u00e5 hyllan och redo f\u00f6r era kunder. \u2705 En premiumprodukt som sticker ut \u2013 V\u00e5ra chips \u00e4r hantverksm\u00e4ssigt tillverkade med [&hellip;]<\/p>\n","protected":false},"author":1,"featured_media":0,"parent":0,"menu_order":0,"comment_status":"closed","ping_status":"closed","template":"","meta":{"footnotes":""},"class_list":["post-44","page","type-page","status-publish","hentry"],"yoast_head":"<!-- This site is optimized with the Yoast SEO plugin v27.5 - https:\/\/yoast.com\/product\/yoast-seo-wordpress\/ -->\n<title>\u00c5terf\u00f6rs\u00e4ljare - Grytfriterade Delikatesschips<\/title>\n<meta name=\"robots\" content=\"index, follow, max-snippet:-1, max-image-preview:large, max-video-preview:-1\" \/>\n<link rel=\"canonical\" href=\"https:\/\/www.varmlandschips.se\/index.php\/aterforsaljare\/\" \/>\n<meta property=\"og:locale\" content=\"sv_SE\" \/>\n<meta property=\"og:type\" content=\"article\" \/>\n<meta property=\"og:title\" content=\"\u00c5terf\u00f6rs\u00e4ljare - Grytfriterade Delikatesschips\" \/>\n<meta property=\"og:description\" content=\"Vill ni bli \u00e5terf\u00f6rs\u00e4ljare mail bruno@wepopop.com N\u00e4r ni v\u00e4ljer att samarbeta med V\u00e4rmlandschips f\u00e5r ni: \u2705 Snabba och p\u00e5litliga leveranser \u2013 Vi skickar era best\u00e4llningar inom 1\u20134 arbetsdagar, s\u00e5 att ni alltid har v\u00e5ra chips p\u00e5 hyllan och redo f\u00f6r era kunder. \u2705 En premiumprodukt som sticker ut \u2013 V\u00e5ra chips \u00e4r hantverksm\u00e4ssigt tillverkade med [&hellip;]\" \/>\n<meta property=\"og:url\" content=\"https:\/\/www.varmlandschips.se\/index.php\/aterforsaljare\/\" \/>\n<meta property=\"og:site_name\" content=\"Grytfriterade Delikatesschips\" \/>\n<meta property=\"article:modified_time\" content=\"2025-02-21T18:53:00+00:00\" \/>\n<meta name=\"twitter:card\" content=\"summary_large_image\" \/>\n<meta name=\"twitter:label1\" content=\"Ber\u00e4knad l\u00e4stid\" \/>\n\t<meta name=\"twitter:data1\" content=\"1 minut\" \/>\n<script type=\"application\/ld+json\" class=\"yoast-schema-graph\">{\"@context\":\"https:\\\/\\\/schema.org\",\"@graph\":[{\"@type\":\"WebPage\",\"@id\":\"https:\\\/\\\/www.varmlandschips.se\\\/index.php\\\/aterforsaljare\\\/\",\"url\":\"https:\\\/\\\/www.varmlandschips.se\\\/index.php\\\/aterforsaljare\\\/\",\"name\":\"\u00c5terf\u00f6rs\u00e4ljare - Grytfriterade Delikatesschips\",\"isPartOf\":{\"@id\":\"https:\\\/\\\/www.varmlandschips.se\\\/#website\"},\"datePublished\":\"2025-02-21T18:36:57+00:00\",\"dateModified\":\"2025-02-21T18:53:00+00:00\",\"breadcrumb\":{\"@id\":\"https:\\\/\\\/www.varmlandschips.se\\\/index.php\\\/aterforsaljare\\\/#breadcrumb\"},\"inLanguage\":\"sv-SE\",\"potentialAction\":[{\"@type\":\"ReadAction\",\"target\":[\"https:\\\/\\\/www.varmlandschips.se\\\/index.php\\\/aterforsaljare\\\/\"]}]},{\"@type\":\"BreadcrumbList\",\"@id\":\"https:\\\/\\\/www.varmlandschips.se\\\/index.php\\\/aterforsaljare\\\/#breadcrumb\",\"itemListElement\":[{\"@type\":\"ListItem\",\"position\":1,\"name\":\"Home\",\"item\":\"https:\\\/\\\/www.varmlandschips.se\\\/\"},{\"@type\":\"ListItem\",\"position\":2,\"name\":\"\u00c5terf\u00f6rs\u00e4ljare\"}]},{\"@type\":\"WebSite\",\"@id\":\"https:\\\/\\\/www.varmlandschips.se\\\/#website\",\"url\":\"https:\\\/\\\/www.varmlandschips.se\\\/\",\"name\":\"Grytfriterade Delikatesschips\",\"description\":\"Grytfriterade Delikatesschips\",\"publisher\":{\"@id\":\"https:\\\/\\\/www.varmlandschips.se\\\/#organization\"},\"potentialAction\":[{\"@type\":\"SearchAction\",\"target\":{\"@type\":\"EntryPoint\",\"urlTemplate\":\"https:\\\/\\\/www.varmlandschips.se\\\/?s={search_term_string}\"},\"query-input\":{\"@type\":\"PropertyValueSpecification\",\"valueRequired\":true,\"valueName\":\"search_term_string\"}}],\"inLanguage\":\"sv-SE\"},{\"@type\":\"Organization\",\"@id\":\"https:\\\/\\\/www.varmlandschips.se\\\/#organization\",\"name\":\"Grytfriterade Delikatesschips\",\"url\":\"https:\\\/\\\/www.varmlandschips.se\\\/\",\"logo\":{\"@type\":\"ImageObject\",\"inLanguage\":\"sv-SE\",\"@id\":\"https:\\\/\\\/www.varmlandschips.se\\\/#\\\/schema\\\/logo\\\/image\\\/\",\"url\":\"https:\\\/\\\/www.varmlandschips.se\\\/wp-content\\\/uploads\\\/2024\\\/09\\\/logo.avif\",\"contentUrl\":\"https:\\\/\\\/www.varmlandschips.se\\\/wp-content\\\/uploads\\\/2024\\\/09\\\/logo.avif\",\"width\":600,\"height\":300,\"caption\":\"Grytfriterade Delikatesschips\"},\"image\":{\"@id\":\"https:\\\/\\\/www.varmlandschips.se\\\/#\\\/schema\\\/logo\\\/image\\\/\"}}]}<\/script>\n<!-- \/ Yoast SEO plugin. -->","yoast_head_json":{"title":"\u00c5terf\u00f6rs\u00e4ljare - Grytfriterade Delikatesschips","robots":{"index":"index","follow":"follow","max-snippet":"max-snippet:-1","max-image-preview":"max-image-preview:large","max-video-preview":"max-video-preview:-1"},"canonical":"https:\/\/www.varmlandschips.se\/index.php\/aterforsaljare\/","og_locale":"sv_SE","og_type":"article","og_title":"\u00c5terf\u00f6rs\u00e4ljare - Grytfriterade Delikatesschips","og_description":"Vill ni bli \u00e5terf\u00f6rs\u00e4ljare mail bruno@wepopop.com N\u00e4r ni v\u00e4ljer att samarbeta med V\u00e4rmlandschips f\u00e5r ni: \u2705 Snabba och p\u00e5litliga leveranser \u2013 Vi skickar era best\u00e4llningar inom 1\u20134 arbetsdagar, s\u00e5 att ni alltid har v\u00e5ra chips p\u00e5 hyllan och redo f\u00f6r era kunder. \u2705 En premiumprodukt som sticker ut \u2013 V\u00e5ra chips \u00e4r hantverksm\u00e4ssigt tillverkade med [&hellip;]","og_url":"https:\/\/www.varmlandschips.se\/index.php\/aterforsaljare\/","og_site_name":"Grytfriterade Delikatesschips","article_modified_time":"2025-02-21T18:53:00+00:00","twitter_card":"summary_large_image","twitter_misc":{"Ber\u00e4knad l\u00e4stid":"1 minut"},"schema":{"@context":"https:\/\/schema.org","@graph":[{"@type":"WebPage","@id":"https:\/\/www.varmlandschips.se\/index.php\/aterforsaljare\/","url":"https:\/\/www.varmlandschips.se\/index.php\/aterforsaljare\/","name":"\u00c5terf\u00f6rs\u00e4ljare - Grytfriterade Delikatesschips","isPartOf":{"@id":"https:\/\/www.varmlandschips.se\/#website"},"datePublished":"2025-02-21T18:36:57+00:00","dateModified":"2025-02-21T18:53:00+00:00","breadcrumb":{"@id":"https:\/\/www.varmlandschips.se\/index.php\/aterforsaljare\/#breadcrumb"},"inLanguage":"sv-SE","potentialAction":[{"@type":"ReadAction","target":["https:\/\/www.varmlandschips.se\/index.php\/aterforsaljare\/"]}]},{"@type":"BreadcrumbList","@id":"https:\/\/www.varmlandschips.se\/index.php\/aterforsaljare\/#breadcrumb","itemListElement":[{"@type":"ListItem","position":1,"name":"Home","item":"https:\/\/www.varmlandschips.se\/"},{"@type":"ListItem","position":2,"name":"\u00c5terf\u00f6rs\u00e4ljare"}]},{"@type":"WebSite","@id":"https:\/\/www.varmlandschips.se\/#website","url":"https:\/\/www.varmlandschips.se\/","name":"Grytfriterade Delikatesschips","description":"Grytfriterade Delikatesschips","publisher":{"@id":"https:\/\/www.varmlandschips.se\/#organization"},"potentialAction":[{"@type":"SearchAction","target":{"@type":"EntryPoint","urlTemplate":"https:\/\/www.varmlandschips.se\/?s={search_term_string}"},"query-input":{"@type":"PropertyValueSpecification","valueRequired":true,"valueName":"search_term_string"}}],"inLanguage":"sv-SE"},{"@type":"Organization","@id":"https:\/\/www.varmlandschips.se\/#organization","name":"Grytfriterade Delikatesschips","url":"https:\/\/www.varmlandschips.se\/","logo":{"@type":"ImageObject","inLanguage":"sv-SE","@id":"https:\/\/www.varmlandschips.se\/#\/schema\/logo\/image\/","url":"https:\/\/www.varmlandschips.se\/wp-content\/uploads\/2024\/09\/logo.avif","contentUrl":"https:\/\/www.varmlandschips.se\/wp-content\/uploads\/2024\/09\/logo.avif","width":600,"height":300,"caption":"Grytfriterade Delikatesschips"},"image":{"@id":"https:\/\/www.varmlandschips.se\/#\/schema\/logo\/image\/"}}]}},"_links":{"self":[{"href":"https:\/\/www.varmlandschips.se\/index.php\/wp-json\/wp\/v2\/pages\/44","targetHints":{"allow":["GET"]}}],"collection":[{"href":"https:\/\/www.varmlandschips.se\/index.php\/wp-json\/wp\/v2\/pages"}],"about":[{"href":"https:\/\/www.varmlandschips.se\/index.php\/wp-json\/wp\/v2\/types\/page"}],"author":[{"embeddable":true,"href":"https:\/\/www.varmlandschips.se\/index.php\/wp-json\/wp\/v2\/users\/1"}],"replies":[{"embeddable":true,"href":"https:\/\/www.varmlandschips.se\/index.php\/wp-json\/wp\/v2\/comments?post=44"}],"version-history":[{"count":2,"href":"https:\/\/www.varmlandschips.se\/index.php\/wp-json\/wp\/v2\/pages\/44\/revisions"}],"predecessor-version":[{"id":55,"href":"https:\/\/www.varmlandschips.se\/index.php\/wp-json\/wp\/v2\/pages\/44\/revisions\/55"}],"wp:attachment":[{"href":"https:\/\/www.varmlandschips.se\/index.php\/wp-json\/wp\/v2\/media?parent=44"}],"curies":[{"name":"wp","href":"https:\/\/api.w.org\/{rel}","templated":true}]}}